{"id":213,"date":"2019-02-27T05:55:10","date_gmt":"2019-02-27T05:55:10","guid":{"rendered":"http:\/\/vihan.themestek.com\/?page_id=213"},"modified":"2021-03-22T19:12:28","modified_gmt":"2021-03-22T18:12:28","slug":"about-me","status":"publish","type":"page","link":"https:\/\/smlfashion.pl\/blog\/about-me\/","title":{"rendered":"O Mnie"},"content":{"rendered":"<p>[vc_row css=&#8221;.vc_custom_1551247071420{padding-top: 70px !important;padding-bottom: 0px !important;}&#8221;][vc_column width=&#8221;1\/6&#8243;][\/vc_column][vc_column width=&#8221;2\/3&#8243;][vc_column_text]Cze\u015b\u0107 jestem Weronika interesuj\u0119 si\u0119 mod\u0105, uwielbiam fitness, lubi\u0119 kuchni\u0119 tajsk\u0105 i w\u0142osk\u0105.\u00a0 Od pewnego czasu prowadz\u0119 butik <a href=\"https:\/\/smlfashion.pl\">smlfashion.pl<\/a> Blog prowadz\u0119 z potrzeby podzielenia si\u0119 swoimi obserwacjami i inspiracjami. Mam nadziej\u0119, \u017ce znajdziesz co\u015b dla siebie.[\/vc_column_text][\/vc_column][vc_column width=&#8221;1\/6&#8243;][\/vc_column][\/vc_row][vc_row css=&#8221;.vc_custom_1551247160881{padding-top: 0px !important;padding-bottom: 0px !important;}&#8221;][vc_column][vc_single_image image=&#8221;891&#8243; img_size=&#8221;full&#8221; alignment=&#8221;center&#8221;][\/vc_column][\/vc_row][vc_row css=&#8221;.vc_custom_1551247181085{padding-top: 0px !important;padding-bottom: 0px !important;}&#8221;][vc_column width=&#8221;1\/6&#8243;][\/vc_column][vc_column width=&#8221;2\/3&#8243;][vc_column_text]&#8221;Moda nie istnieje wy\u0142\u0105cznie w ubiorach. Moda jest na niebie, na ulicy, moda to idee, spos\u00f3b \u017cycia, wszystko to, co si\u0119 dzieje.&#8221;\u00a0 Coco Chanel<\/p>\n<p>[\/vc_column_text][vc_single_image image=&#8221;637&#8243; img_size=&#8221;full&#8221; css=&#8221;.vc_custom_1615670556595{margin-bottom: 0px !important;}&#8221;][\/vc_column][vc_column width=&#8221;1\/6&#8243;][\/vc_column][\/vc_row]<\/p>\n","protected":false},"excerpt":{"rendered":"<p>[vc_row css=&#8221;.vc_custom_1551247071420{padding-top: 70px !important;padding-bottom: 0px !important;}&#8221;][vc_column width=&#8221;1\/6&#8243;][\/vc_column][vc_column width=&#8221;2\/3&#8243;][vc_column_text]Cze\u015b\u0107 jestem Weronika interesuj\u0119 si\u0119 mod\u0105, uwielbiam fitness, lubi\u0119 kuchni\u0119 tajsk\u0105 i w\u0142osk\u0105.\u00a0 Od pewnego czasu prowadz\u0119 butik smlfashion.pl Blog prowadz\u0119 z potrzeby podzielenia si\u0119 swoimi obserwacjami i inspiracjami. Mam nadziej\u0119, \u017ce znajdziesz co\u015b dla siebie.[\/vc_column_text][\/vc_column][vc_column width=&#8221;1\/6&#8243;][\/vc_column][\/vc_row][vc_row css=&#8221;.vc_custom_1551247160881{padding-top: 0px !important;padding-bottom: 0px !important;}&#8221;][vc_column][vc_single_image image=&#8221;891&#8243; img_size=&#8221;full&#8221; alignment=&#8221;center&#8221;][\/vc_column][\/vc_row][vc_row css=&#8221;.vc_custom_1551247181085{padding-top: 0px !important;padding-bottom: &hellip; <a href=\"https:\/\/smlfashion.pl\/blog\/about-me\/\" class=\"more-link\">Continue reading <span class=\"screen-reader-text\">O Mnie<\/span><\/a><\/p>\n","protected":false},"author":1,"featured_media":0,"parent":0,"menu_order":6,"comment_status":"closed","ping_status":"closed","template":"","meta":{"footnotes":""},"yoast_head":"<!-- This site is optimized with the Yoast SEO plugin v20.4 - https:\/\/yoast.com\/wordpress\/plugins\/seo\/ -->\n<title>O Mnie - blog modowy smlfashion.pl<\/title>\n<meta name=\"robots\" content=\"index, follow, max-snippet:-1, max-image-preview:large, max-video-preview:-1\" \/>\n<link rel=\"canonical\" href=\"https:\/\/smlfashion.pl\/blog\/about-me\/\" \/>\n<meta property=\"og:locale\" content=\"pl_PL\" \/>\n<meta property=\"og:type\" content=\"article\" \/>\n<meta property=\"og:title\" content=\"O Mnie - blog modowy smlfashion.pl\" \/>\n<meta property=\"og:description\" content=\"[vc_row css=&#8221;.vc_custom_1551247071420{padding-top: 70px !important;padding-bottom: 0px !important;}&#8221;][vc_column width=&#8221;1\/6&#8243;][\/vc_column][vc_column width=&#8221;2\/3&#8243;][vc_column_text]Cze\u015b\u0107 jestem Weronika interesuj\u0119 si\u0119 mod\u0105, uwielbiam fitness, lubi\u0119 kuchni\u0119 tajsk\u0105 i w\u0142osk\u0105.\u00a0 Od pewnego czasu prowadz\u0119 butik smlfashion.pl Blog prowadz\u0119 z potrzeby podzielenia si\u0119 swoimi obserwacjami i inspiracjami. Mam nadziej\u0119, \u017ce znajdziesz co\u015b dla siebie.[\/vc_column_text][\/vc_column][vc_column width=&#8221;1\/6&#8243;][\/vc_column][\/vc_row][vc_row css=&#8221;.vc_custom_1551247160881{padding-top: 0px !important;padding-bottom: 0px !important;}&#8221;][vc_column][vc_single_image image=&#8221;891&#8243; img_size=&#8221;full&#8221; alignment=&#8221;center&#8221;][\/vc_column][\/vc_row][vc_row css=&#8221;.vc_custom_1551247181085{padding-top: 0px !important;padding-bottom: &hellip; Continue reading O Mnie\" \/>\n<meta property=\"og:url\" content=\"https:\/\/smlfashion.pl\/blog\/about-me\/\" \/>\n<meta property=\"og:site_name\" content=\"blog modowy smlfashion.pl\" \/>\n<meta property=\"article:modified_time\" content=\"2021-03-22T18:12:28+00:00\" \/>\n<meta name=\"twitter:card\" content=\"summary_large_image\" \/>\n<meta name=\"twitter:label1\" content=\"Szacowany czas czytania\" \/>\n\t<meta name=\"twitter:data1\" content=\"1 minuta\" \/>\n<script type=\"application\/ld+json\" class=\"yoast-schema-graph\">{\"@context\":\"https:\/\/schema.org\",\"@graph\":[{\"@type\":\"WebPage\",\"@id\":\"https:\/\/smlfashion.pl\/blog\/about-me\/\",\"url\":\"https:\/\/smlfashion.pl\/blog\/about-me\/\",\"name\":\"O Mnie - blog modowy smlfashion.pl\",\"isPartOf\":{\"@id\":\"https:\/\/smlfashion.pl\/blog\/#website\"},\"datePublished\":\"2019-02-27T05:55:10+00:00\",\"dateModified\":\"2021-03-22T18:12:28+00:00\",\"breadcrumb\":{\"@id\":\"https:\/\/smlfashion.pl\/blog\/about-me\/#breadcrumb\"},\"inLanguage\":\"pl-PL\",\"potentialAction\":[{\"@type\":\"ReadAction\",\"target\":[\"https:\/\/smlfashion.pl\/blog\/about-me\/\"]}]},{\"@type\":\"BreadcrumbList\",\"@id\":\"https:\/\/smlfashion.pl\/blog\/about-me\/#breadcrumb\",\"itemListElement\":[{\"@type\":\"ListItem\",\"position\":1,\"name\":\"Strona g\u0142\u00f3wna\",\"item\":\"https:\/\/smlfashion.pl\/blog\/\"},{\"@type\":\"ListItem\",\"position\":2,\"name\":\"O Mnie\"}]},{\"@type\":\"WebSite\",\"@id\":\"https:\/\/smlfashion.pl\/blog\/#website\",\"url\":\"https:\/\/smlfashion.pl\/blog\/\",\"name\":\"blog modowy smlfashion.pl\",\"description\":\"blog modowy smlfashion.pl - inspiracje, moda, trendy, stylizacje.\",\"potentialAction\":[{\"@type\":\"SearchAction\",\"target\":{\"@type\":\"EntryPoint\",\"urlTemplate\":\"https:\/\/smlfashion.pl\/blog\/?s={search_term_string}\"},\"query-input\":\"required name=search_term_string\"}],\"inLanguage\":\"pl-PL\"}]}<\/script>\n<!-- \/ Yoast SEO plugin. -->","yoast_head_json":{"title":"O Mnie - blog modowy smlfashion.pl","robots":{"index":"index","follow":"follow","max-snippet":"max-snippet:-1","max-image-preview":"max-image-preview:large","max-video-preview":"max-video-preview:-1"},"canonical":"https:\/\/smlfashion.pl\/blog\/about-me\/","og_locale":"pl_PL","og_type":"article","og_title":"O Mnie - blog modowy smlfashion.pl","og_description":"[vc_row css=&#8221;.vc_custom_1551247071420{padding-top: 70px !important;padding-bottom: 0px !important;}&#8221;][vc_column width=&#8221;1\/6&#8243;][\/vc_column][vc_column width=&#8221;2\/3&#8243;][vc_column_text]Cze\u015b\u0107 jestem Weronika interesuj\u0119 si\u0119 mod\u0105, uwielbiam fitness, lubi\u0119 kuchni\u0119 tajsk\u0105 i w\u0142osk\u0105.\u00a0 Od pewnego czasu prowadz\u0119 butik smlfashion.pl Blog prowadz\u0119 z potrzeby podzielenia si\u0119 swoimi obserwacjami i inspiracjami. Mam nadziej\u0119, \u017ce znajdziesz co\u015b dla siebie.[\/vc_column_text][\/vc_column][vc_column width=&#8221;1\/6&#8243;][\/vc_column][\/vc_row][vc_row css=&#8221;.vc_custom_1551247160881{padding-top: 0px !important;padding-bottom: 0px !important;}&#8221;][vc_column][vc_single_image image=&#8221;891&#8243; img_size=&#8221;full&#8221; alignment=&#8221;center&#8221;][\/vc_column][\/vc_row][vc_row css=&#8221;.vc_custom_1551247181085{padding-top: 0px !important;padding-bottom: &hellip; Continue reading O Mnie","og_url":"https:\/\/smlfashion.pl\/blog\/about-me\/","og_site_name":"blog modowy smlfashion.pl","article_modified_time":"2021-03-22T18:12:28+00:00","twitter_card":"summary_large_image","twitter_misc":{"Szacowany czas czytania":"1 minuta"},"schema":{"@context":"https:\/\/schema.org","@graph":[{"@type":"WebPage","@id":"https:\/\/smlfashion.pl\/blog\/about-me\/","url":"https:\/\/smlfashion.pl\/blog\/about-me\/","name":"O Mnie - blog modowy smlfashion.pl","isPartOf":{"@id":"https:\/\/smlfashion.pl\/blog\/#website"},"datePublished":"2019-02-27T05:55:10+00:00","dateModified":"2021-03-22T18:12:28+00:00","breadcrumb":{"@id":"https:\/\/smlfashion.pl\/blog\/about-me\/#breadcrumb"},"inLanguage":"pl-PL","potentialAction":[{"@type":"ReadAction","target":["https:\/\/smlfashion.pl\/blog\/about-me\/"]}]},{"@type":"BreadcrumbList","@id":"https:\/\/smlfashion.pl\/blog\/about-me\/#breadcrumb","itemListElement":[{"@type":"ListItem","position":1,"name":"Strona g\u0142\u00f3wna","item":"https:\/\/smlfashion.pl\/blog\/"},{"@type":"ListItem","position":2,"name":"O Mnie"}]},{"@type":"WebSite","@id":"https:\/\/smlfashion.pl\/blog\/#website","url":"https:\/\/smlfashion.pl\/blog\/","name":"blog modowy smlfashion.pl","description":"blog modowy smlfashion.pl - inspiracje, moda, trendy, stylizacje.","potentialAction":[{"@type":"SearchAction","target":{"@type":"EntryPoint","urlTemplate":"https:\/\/smlfashion.pl\/blog\/?s={search_term_string}"},"query-input":"required name=search_term_string"}],"inLanguage":"pl-PL"}]}},"_links":{"self":[{"href":"https:\/\/smlfashion.pl\/blog\/wp-json\/wp\/v2\/pages\/213"}],"collection":[{"href":"https:\/\/smlfashion.pl\/blog\/wp-json\/wp\/v2\/pages"}],"about":[{"href":"https:\/\/smlfashion.pl\/blog\/wp-json\/wp\/v2\/types\/page"}],"author":[{"embeddable":true,"href":"https:\/\/smlfashion.pl\/blog\/wp-json\/wp\/v2\/users\/1"}],"replies":[{"embeddable":true,"href":"https:\/\/smlfashion.pl\/blog\/wp-json\/wp\/v2\/comments?post=213"}],"version-history":[{"count":6,"href":"https:\/\/smlfashion.pl\/blog\/wp-json\/wp\/v2\/pages\/213\/revisions"}],"predecessor-version":[{"id":896,"href":"https:\/\/smlfashion.pl\/blog\/wp-json\/wp\/v2\/pages\/213\/revisions\/896"}],"wp:attachment":[{"href":"https:\/\/smlfashion.pl\/blog\/wp-json\/wp\/v2\/media?parent=213"}],"curies":[{"name":"wp","href":"https:\/\/api.w.org\/{rel}","templated":true}]}}